{"id":1408,"date":"2025-08-15T12:30:02","date_gmt":"2025-08-15T10:30:02","guid":{"rendered":"https:\/\/byggnettside.com\/kontakt\/"},"modified":"2025-11-17T12:47:15","modified_gmt":"2025-11-17T10:47:15","slug":"kontakt","status":"publish","type":"page","link":"https:\/\/byggnettside.com\/pl\/kontakt\/","title":{"rendered":"Kontakt"},"content":{"rendered":"\t\t<div data-elementor-type=\"wp-page\" data-elementor-id=\"1408\" class=\"elementor elementor-1408 elementor-46\" data-elementor-post-type=\"page\">\n\t\t\t\t<div class=\"elementor-element elementor-element-fcbfad8 e-flex e-con-boxed e-con e-parent\" data-id=\"fcbfad8\" data-element_type=\"container\" data-e-type=\"container\" data-settings=\"{&quot;background_background&quot;:&quot;classic&quot;}\">\n\t\t\t\t\t<div class=\"e-con-inner\">\n\t\t\t\t<div class=\"elementor-element elementor-element-7fe0c29 elementor-widget elementor-widget-heading\" data-id=\"7fe0c29\" data-element_type=\"widget\" data-e-type=\"widget\" data-widget_type=\"heading.default\">\n\t\t\t\t\t<h1 class=\"elementor-heading-title elementor-size-default\">Kontakt<\/h1>\t\t\t\t<\/div>\n\t\t\t\t<div class=\"elementor-element elementor-element-3225187 elementor-widget__width-initial elementor-widget elementor-widget-text-editor\" data-id=\"3225187\" data-element_type=\"widget\" data-e-type=\"widget\" data-widget_type=\"text-editor.default\">\n\t\t\t\t\t\t\t\t\t<p>Skontaktuj si\u0119 z naszym zespo\u0142em sprzeda\u017cy, aby opowiedzie\u0107 nam o swoim projekcie dotycz\u0105cym rozwi\u0105za\u0144 energetycznych, wyzwa\u0144 zwi\u0105zanych z py\u0142em lub innych kwestii, kt\u00f3re Ci\u0119 interesuj\u0105.<\/p>\t\t\t\t\t\t\t\t<\/div>\n\t\t\t\t<div class=\"elementor-element elementor-element-45bc850 elementor-widget elementor-widget-spacer\" data-id=\"45bc850\" data-element_type=\"widget\" data-e-type=\"widget\" data-widget_type=\"spacer.default\">\n\t\t\t\t\t\t\t<div class=\"elementor-spacer\">\n\t\t\t<div class=\"elementor-spacer-inner\"><\/div>\n\t\t<\/div>\n\t\t\t\t\t\t<\/div>\n\t\t\t\t<div class=\"elementor-element elementor-element-bb5ecc1 elementor-widget elementor-widget-heading\" data-id=\"bb5ecc1\" data-element_type=\"widget\" data-e-type=\"widget\" data-widget_type=\"heading.default\">\n\t\t\t\t\t<h2 class=\"elementor-heading-title elementor-size-default\">Opowiedz nam o swoim projekcie<\/h2>\t\t\t\t<\/div>\n\t\t\t\t<div class=\"elementor-element elementor-element-acc46fb elementor-button-align-start elementor-widget__width-initial elementor-widget elementor-widget-form\" data-id=\"acc46fb\" data-element_type=\"widget\" data-e-type=\"widget\" data-settings=\"{&quot;step_next_label&quot;:&quot;Nast\\u0119pny&quot;,&quot;step_previous_label&quot;:&quot;Poprzedni&quot;,&quot;button_width&quot;:&quot;100&quot;,&quot;step_type&quot;:&quot;number_text&quot;,&quot;step_icon_shape&quot;:&quot;circle&quot;}\" data-widget_type=\"form.default\">\n\t\t\t\t\t\t\t<form class=\"elementor-form\" method=\"post\" name=\"Nowy formularz\" aria-label=\"Nowy formularz\">\n\t\t\t<input type=\"hidden\" name=\"post_id\" value=\"1408\"\/>\n\t\t\t<input type=\"hidden\" name=\"form_id\" value=\"acc46fb\"\/>\n\t\t\t<input type=\"hidden\" name=\"referer_title\" value=\"Kontakt\" \/>\n\n\t\t\t\t\t\t\t<input type=\"hidden\" name=\"queried_id\" value=\"1408\"\/>\n\t\t\t\n\t\t\t<div class=\"elementor-form-fields-wrapper elementor-labels-above\">\n\t\t\t\t\t\t\t\t<div class=\"elementor-field-type-text elementor-field-group elementor-column elementor-field-group-name elementor-col-50 elementor-field-required\">\n\t\t\t\t\t\t\t\t\t\t\t\t\t<input size=\"1\" type=\"text\" name=\"form_fields[name]\" id=\"form-field-name\" class=\"elementor-field elementor-size-sm  elementor-field-textual\" placeholder=\"Imi\u0119*\" required=\"required\">\n\t\t\t\t\t\t\t\t\t\t\t<\/div>\n\t\t\t\t\t\t\t\t<div class=\"elementor-field-type-text elementor-field-group elementor-column elementor-field-group-field_69f06b3 elementor-col-50 elementor-field-required\">\n\t\t\t\t\t\t\t\t\t\t\t\t\t<input size=\"1\" type=\"text\" name=\"form_fields[field_69f06b3]\" id=\"form-field-field_69f06b3\" class=\"elementor-field elementor-size-sm  elementor-field-textual\" placeholder=\"Nazwisko*\" required=\"required\">\n\t\t\t\t\t\t\t\t\t\t\t<\/div>\n\t\t\t\t\t\t\t\t<div class=\"elementor-field-type-email elementor-field-group elementor-column elementor-field-group-email elementor-col-100 elementor-field-required\">\n\t\t\t\t\t\t\t\t\t\t\t\t\t<input size=\"1\" type=\"email\" name=\"form_fields[email]\" id=\"form-field-email\" class=\"elementor-field elementor-size-sm  elementor-field-textual\" placeholder=\"Tw\u00f3jadres@firma.pl*\" required=\"required\">\n\t\t\t\t\t\t\t\t\t\t\t<\/div>\n\t\t\t\t\t\t\t\t<div class=\"elementor-field-type-text elementor-field-group elementor-column elementor-field-group-field_c24bb55 elementor-col-100 elementor-field-required\">\n\t\t\t\t\t\t\t\t\t\t\t\t\t<input size=\"1\" type=\"text\" name=\"form_fields[field_c24bb55]\" id=\"form-field-field_c24bb55\" class=\"elementor-field elementor-size-sm  elementor-field-textual\" placeholder=\"Firma*\" required=\"required\">\n\t\t\t\t\t\t\t\t\t\t\t<\/div>\n\t\t\t\t\t\t\t\t<div class=\"elementor-field-type-select elementor-field-group elementor-column elementor-field-group-field_472a91d elementor-col-100 elementor-field-required\">\n\t\t\t\t\t\t\t<div class=\"elementor-field elementor-select-wrapper remove-before \">\n\t\t\t<div class=\"select-caret-down-wrapper\">\n\t\t\t\t<svg aria-hidden=\"true\" class=\"e-font-icon-svg e-eicon-caret-down\" viewBox=\"0 0 571.4 571.4\" xmlns=\"http:\/\/www.w3.org\/2000\/svg\"><path d=\"M571 393Q571 407 561 418L311 668Q300 679 286 679T261 668L11 418Q0 407 0 393T11 368 36 357H536Q550 357 561 368T571 393Z\"><\/path><\/svg>\t\t\t<\/div>\n\t\t\t<select name=\"form_fields[field_472a91d]\" id=\"form-field-field_472a91d\" class=\"elementor-field-textual elementor-size-sm\" required=\"required\">\n\t\t\t\t\t\t\t\t\t<option value=\"Materia\u0142y\">Materia\u0142y<\/option>\n\t\t\t\t\t\t\t\t\t<option value=\"Filtr\">Filtr<\/option>\n\t\t\t\t\t\t\t\t\t<option value=\"Instalacja\">Instalacja<\/option>\n\t\t\t\t\t\t\t\t\t<option value=\"Sprzeda\u017c\">Sprzeda\u017c<\/option>\n\t\t\t\t\t\t\t<\/select>\n\t\t<\/div>\n\t\t\t\t\t\t<\/div>\n\t\t\t\t\t\t\t\t<div class=\"elementor-field-type-radio elementor-field-group elementor-column elementor-field-group-field_3605ff6 elementor-col-100\">\n\t\t\t\t\t\t\t\t\t\t\t\t<label for=\"form-field-field_3605ff6\" class=\"elementor-field-label\">\n\t\t\t\t\t\t\t\tData rozpocz\u0119cia projektu\t\t\t\t\t\t\t<\/label>\n\t\t\t\t\t\t<div class=\"elementor-field-subgroup  elementor-subgroup-inline\"><span class=\"elementor-field-option\"><input type=\"radio\" value=\"2025\" id=\"form-field-field_3605ff6-0\" name=\"form_fields[field_3605ff6]\"> <label for=\"form-field-field_3605ff6-0\">2025<\/label><\/span><span class=\"elementor-field-option\"><input type=\"radio\" value=\"2026\" id=\"form-field-field_3605ff6-1\" name=\"form_fields[field_3605ff6]\"> <label for=\"form-field-field_3605ff6-1\">2026<\/label><\/span><span class=\"elementor-field-option\"><input type=\"radio\" value=\"2027\" id=\"form-field-field_3605ff6-2\" name=\"form_fields[field_3605ff6]\"> <label for=\"form-field-field_3605ff6-2\">2027<\/label><\/span><span class=\"elementor-field-option\"><input type=\"radio\" value=\"2028\" id=\"form-field-field_3605ff6-3\" name=\"form_fields[field_3605ff6]\"> <label for=\"form-field-field_3605ff6-3\">2028<\/label><\/span><span class=\"elementor-field-option\"><input type=\"radio\" value=\"2029\" id=\"form-field-field_3605ff6-4\" name=\"form_fields[field_3605ff6]\"> <label for=\"form-field-field_3605ff6-4\">2029<\/label><\/span><span class=\"elementor-field-option\"><input type=\"radio\" value=\"2030+\" id=\"form-field-field_3605ff6-5\" name=\"form_fields[field_3605ff6]\"> <label for=\"form-field-field_3605ff6-5\">2030+<\/label><\/span><\/div>\t\t\t\t<\/div>\n\t\t\t\t\t\t\t\t<div class=\"elementor-field-type-select elementor-field-group elementor-column elementor-field-group-field_a5a1e3a elementor-col-100\">\n\t\t\t\t\t\t\t\t\t\t\t\t<label for=\"form-field-field_a5a1e3a\" class=\"elementor-field-label\">\n\t\t\t\t\t\t\t\tSk\u0105d si\u0119 o nas dowiedzia\u0142e\u015b?\t\t\t\t\t\t\t<\/label>\n\t\t\t\t\t\t\t\t<div class=\"elementor-field elementor-select-wrapper remove-before \">\n\t\t\t<div class=\"select-caret-down-wrapper\">\n\t\t\t\t<svg aria-hidden=\"true\" class=\"e-font-icon-svg e-eicon-caret-down\" viewBox=\"0 0 571.4 571.4\" xmlns=\"http:\/\/www.w3.org\/2000\/svg\"><path d=\"M571 393Q571 407 561 418L311 668Q300 679 286 679T261 668L11 418Q0 407 0 393T11 368 36 357H536Q550 357 561 368T571 393Z\"><\/path><\/svg>\t\t\t<\/div>\n\t\t\t<select name=\"form_fields[field_a5a1e3a]\" id=\"form-field-field_a5a1e3a\" class=\"elementor-field-textual elementor-size-sm\">\n\t\t\t\t\t\t\t\t\t<option value=\"Wydarzenie\">Wydarzenie<\/option>\n\t\t\t\t\t\t\t\t\t<option value=\"Wiadomo\u015bci\">Wiadomo\u015bci<\/option>\n\t\t\t\t\t\t\t\t\t<option value=\"Google\">Google<\/option>\n\t\t\t\t\t\t\t\t\t<option value=\"Media spo\u0142eczno\u015bciowe\">Media spo\u0142eczno\u015bciowe<\/option>\n\t\t\t\t\t\t\t\t\t<option value=\"Marketing szeptany\">Marketing szeptany<\/option>\n\t\t\t\t\t\t\t\t\t<option value=\"Inne\">Inne<\/option>\n\t\t\t\t\t\t\t<\/select>\n\t\t<\/div>\n\t\t\t\t\t\t<\/div>\n\t\t\t\t\t\t\t\t<div class=\"elementor-field-type-textarea elementor-field-group elementor-column elementor-field-group-field_c0d208a elementor-col-100\">\n\t\t\t\t\t<textarea class=\"elementor-field-textual elementor-field  elementor-size-sm\" name=\"form_fields[field_c0d208a]\" id=\"form-field-field_c0d208a\" rows=\"6\" placeholder=\"Twoja wiadomo\u015b\u0107*\"><\/textarea>\t\t\t\t<\/div>\n\t\t\t\t\t\t\t\t<div class=\"elementor-field-type-acceptance elementor-field-group elementor-column elementor-field-group-field_e668d10 elementor-col-100\">\n\t\t\t\t\t\t\t<div class=\"elementor-field-subgroup\">\n\t\t\t<span class=\"elementor-field-option\">\n\t\t\t\t<input type=\"checkbox\" name=\"form_fields[field_e668d10]\" id=\"form-field-field_e668d10\" class=\"elementor-field elementor-size-sm  elementor-acceptance-field\">\n\t\t\t\t<label for=\"form-field-field_e668d10\">Przesy\u0142aj\u0105c ten formularz, zgadzasz si\u0119 z naszym Regulaminem<\/label>\t\t\t<\/span>\n\t\t<\/div>\n\t\t\t\t\t\t<\/div>\n\t\t\t\t\t\t\t\t<div class=\"elementor-field-group elementor-column elementor-field-type-submit elementor-col-100 e-form__buttons\">\n\t\t\t\t\t<button class=\"elementor-button elementor-size-sm\" type=\"submit\">\n\t\t\t\t\t\t<span class=\"elementor-button-content-wrapper\">\n\t\t\t\t\t\t\t\t\t\t\t\t\t\t\t\t\t\t\t\t\t\t<span class=\"elementor-button-text\">Wy\u015blij<\/span>\n\t\t\t\t\t\t\t\t\t\t\t\t\t<\/span>\n\t\t\t\t\t<\/button>\n\t\t\t\t<\/div>\n\t\t\t<\/div>\n\t\t<\/form>\n\t\t\t\t\t\t<\/div>\n\t\t\t\t\t<\/div>\n\t\t\t\t<\/div>\n\t\t<div class=\"elementor-element elementor-element-ae0eb4c e-flex e-con-boxed e-con e-parent\" data-id=\"ae0eb4c\" data-element_type=\"container\" data-e-type=\"container\" data-settings=\"{&quot;background_background&quot;:&quot;classic&quot;}\">\n\t\t\t\t\t<div class=\"e-con-inner\">\n\t\t<div class=\"elementor-element elementor-element-42af71d e-con-full e-flex e-con e-child\" data-id=\"42af71d\" data-element_type=\"container\" data-e-type=\"container\">\n\t\t<div class=\"elementor-element elementor-element-e4c1dca e-con-full e-flex e-con e-child\" data-id=\"e4c1dca\" data-element_type=\"container\" data-e-type=\"container\">\n\t\t\t\t<div class=\"elementor-element elementor-element-fd24830 elementor-position-inline-start elementor-widget__width-initial elementor-view-default elementor-mobile-position-block-start elementor-widget elementor-widget-icon-box\" data-id=\"fd24830\" data-element_type=\"widget\" data-e-type=\"widget\" data-widget_type=\"icon-box.default\">\n\t\t\t\t\t\t\t<div class=\"elementor-icon-box-wrapper\">\n\n\t\t\t\t\t\t<div class=\"elementor-icon-box-icon\">\n\t\t\t\t<span  class=\"elementor-icon\">\n\t\t\t\t<svg xmlns:xlink=\"http:\/\/www.w3.org\/1999\/xlink\" xmlns=\"http:\/\/www.w3.org\/2000\/svg\" width=\"24\" height=\"24\" viewBox=\"0 0 15 16\" fill=\"none\"><path d=\"M4.33203 5.83541H10.332M4.33203 8.59734H10.332M4.33203 11.3674H7.66536M14.3333 7.91158C14.3333 11.7287 11.3486 14.8232 7.66668 14.8232C5.67551 14.8232 1 14.8232 1 14.8232C1 14.8232 1 9.66443 1 7.91158C1 4.09442 3.98478 1 7.66668 1C11.3486 1 14.3333 4.09442 14.3333 7.91158Z\" stroke=\"#FFFFFF\" stroke-linecap=\"round\" stroke-linejoin=\"round\" fill=\"none\"><\/path><\/svg>\t\t\t\t<\/span>\n\t\t\t<\/div>\n\t\t\t\n\t\t\t\t\t\t<div class=\"elementor-icon-box-content\">\n\n\t\t\t\t\n\t\t\t\t\t\t\t\t\t<p class=\"elementor-icon-box-description\">\n\t\t\t\t\t\tW przypadku innych zapyta\u0144, prosimy o kontakt pod adresem hei@itek.no\t\t\t\t\t<\/p>\n\t\t\t\t\n\t\t\t<\/div>\n\t\t\t\n\t\t<\/div>\n\t\t\t\t\t\t<\/div>\n\t\t\t\t<\/div>\n\t\t<div class=\"elementor-element elementor-element-b65af9a e-con-full e-flex e-con e-child\" data-id=\"b65af9a\" data-element_type=\"container\" data-e-type=\"container\">\n\t\t\t\t<div class=\"elementor-element elementor-element-b810b4c elementor-position-inline-start elementor-widget__width-initial elementor-view-default elementor-mobile-position-block-start elementor-widget elementor-widget-icon-box\" data-id=\"b810b4c\" data-element_type=\"widget\" data-e-type=\"widget\" data-widget_type=\"icon-box.default\">\n\t\t\t\t\t\t\t<div class=\"elementor-icon-box-wrapper\">\n\n\t\t\t\t\t\t<div class=\"elementor-icon-box-icon\">\n\t\t\t\t<span  class=\"elementor-icon\">\n\t\t\t\t<svg xmlns:xlink=\"http:\/\/www.w3.org\/1999\/xlink\" xmlns=\"http:\/\/www.w3.org\/2000\/svg\" width=\"24\" height=\"24\" viewBox=\"0 0 15 16\" fill=\"none\"><path d=\"M7.66602 6.52386V12.7443M5 10.6708H3.66667L1 14.8178H14.3333L11.6667 10.6708H10.3333M7.66667 6.52927C9.13943 6.52927 10.3333 5.2915 10.3333 3.76463C10.3333 2.23777 9.13943 1 7.66667 1C6.1939 1 5 2.23777 5 3.76463C5 5.2915 6.1939 6.52927 7.66667 6.52927Z\" stroke=\"#FFFFFF\" stroke-linecap=\"round\" stroke-linejoin=\"round\" fill=\"none\"><\/path><\/svg>\t\t\t\t<\/span>\n\t\t\t<\/div>\n\t\t\t\n\t\t\t\t\t\t<div class=\"elementor-icon-box-content\">\n\n\t\t\t\t\n\t\t\t\t\t\t\t\t\t<p class=\"elementor-icon-box-description\">\n\t\t\t\t\t\tHavnegata 1\n4790 Lillesand, NORWEGIA\t\t\t\t\t<\/p>\n\t\t\t\t\n\t\t\t<\/div>\n\t\t\t\n\t\t<\/div>\n\t\t\t\t\t\t<\/div>\n\t\t\t\t<\/div>\n\t\t\t\t<\/div>\n\t\t\t\t\t<\/div>\n\t\t\t\t<\/div>\n\t\t\t\t<\/div>\n\t\t","protected":false},"excerpt":{"rendered":"<p>Kontakt Skontaktuj si\u0119 z naszym zespo\u0142em sprzeda\u017cy, aby opowiedzie\u0107 nam o swoim projekcie dotycz\u0105cym rozwi\u0105za\u0144 energetycznych, wyzwa\u0144 zwi\u0105zanych z py\u0142em lub innych kwestii, kt\u00f3re Ci\u0119 interesuj\u0105. Opowiedz nam o swoim projekcie W przypadku innych zapyta\u0144, prosimy o kontakt pod adresem hei@itek.no Havnegata 1 4790 Lillesand, NORWEGIA<\/p>\n","protected":false},"author":1,"featured_media":0,"parent":0,"menu_order":0,"comment_status":"closed","ping_status":"closed","template":"","meta":{"_acf_changed":false,"footnotes":""},"class_list":["post-1408","page","type-page","status-publish","hentry"],"acf":[],"_links":{"self":[{"href":"https:\/\/byggnettside.com\/pl\/wp-json\/wp\/v2\/pages\/1408","targetHints":{"allow":["GET"]}}],"collection":[{"href":"https:\/\/byggnettside.com\/pl\/wp-json\/wp\/v2\/pages"}],"about":[{"href":"https:\/\/byggnettside.com\/pl\/wp-json\/wp\/v2\/types\/page"}],"author":[{"embeddable":true,"href":"https:\/\/byggnettside.com\/pl\/wp-json\/wp\/v2\/users\/1"}],"replies":[{"embeddable":true,"href":"https:\/\/byggnettside.com\/pl\/wp-json\/wp\/v2\/comments?post=1408"}],"version-history":[{"count":1,"href":"https:\/\/byggnettside.com\/pl\/wp-json\/wp\/v2\/pages\/1408\/revisions"}],"predecessor-version":[{"id":1412,"href":"https:\/\/byggnettside.com\/pl\/wp-json\/wp\/v2\/pages\/1408\/revisions\/1412"}],"wp:attachment":[{"href":"https:\/\/byggnettside.com\/pl\/wp-json\/wp\/v2\/media?parent=1408"}],"curies":[{"name":"wp","href":"https:\/\/api.w.org\/{rel}","templated":true}]}}