{"id":1395,"date":"2025-10-09T12:44:39","date_gmt":"2025-10-09T10:44:39","guid":{"rendered":"https:\/\/byggnettside.com\/o-nas\/"},"modified":"2025-11-17T12:47:04","modified_gmt":"2025-11-17T10:47:04","slug":"o-nas","status":"publish","type":"page","link":"https:\/\/byggnettside.com\/pl\/o-nas\/","title":{"rendered":"o nas"},"content":{"rendered":"\t\t<div data-elementor-type=\"wp-page\" data-elementor-id=\"1395\" class=\"elementor elementor-1395 elementor-917\" data-elementor-post-type=\"page\">\n\t\t\t\t<div class=\"elementor-element elementor-element-7fb5408 e-flex e-con-boxed e-con e-parent\" data-id=\"7fb5408\" data-element_type=\"container\" data-e-type=\"container\">\n\t\t\t\t\t<div class=\"e-con-inner\">\n\t\t\t\t<div class=\"elementor-element elementor-element-65b94a5 elementor-widget elementor-widget-heading\" data-id=\"65b94a5\" data-element_type=\"widget\" data-e-type=\"widget\" data-widget_type=\"heading.default\">\n\t\t\t\t\t<h1 class=\"elementor-heading-title elementor-size-default\">O nas<\/h1>\t\t\t\t<\/div>\n\t\t\t\t<div class=\"elementor-element elementor-element-5a6bc14 elementor-widget__width-initial elementor-widget elementor-widget-text-editor\" data-id=\"5a6bc14\" data-element_type=\"widget\" data-e-type=\"widget\" data-widget_type=\"text-editor.default\">\n\t\t\t\t\t\t\t\t\t<p>ITEK Green Technologies posiada ponad 30-letnie do\u015bwiadczenie w zakresie rozwi\u0105za\u0144 procesowych i energetycznych dla przemys\u0142u. Pracujemy nad popraw\u0105 efektywno\u015bci energetycznej i redukcj\u0105 zanieczyszcze\u0144 zgodnie z wymogami prawa pracy i ustawy o ochronie \u015brodowiska. <\/p>\t\t\t\t\t\t\t\t<\/div>\n\t\t\t\t\t<\/div>\n\t\t\t\t<\/div>\n\t\t<div class=\"elementor-element elementor-element-7a89c40 e-flex e-con-boxed e-con e-parent\" data-id=\"7a89c40\" data-element_type=\"container\" data-e-type=\"container\">\n\t\t\t\t\t<div class=\"e-con-inner\">\n\t\t<div class=\"elementor-element elementor-element-2940aac e-con-full e-flex e-con e-child\" data-id=\"2940aac\" data-element_type=\"container\" data-e-type=\"container\" data-settings=\"{&quot;background_background&quot;:&quot;video&quot;,&quot;background_video_link&quot;:&quot;https:\\\/\\\/byggnettside.com\\\/wp-content\\\/uploads\\\/2025\\\/08\\\/dyEQLCzq4u_576p_1707341914.mp4&quot;}\">\n\t\t<div class=\"elementor-background-video-container elementor-hidden-mobile\">\n\t\t\t\t\t\t\t<video class=\"elementor-background-video-hosted\" role=\"presentation\" autoplay muted playsinline loop><\/video>\n\t\t\t\t\t<\/div>\t\t<\/div>\n\t\t\t\t\t<\/div>\n\t\t\t\t<\/div>\n\t\t<div class=\"elementor-element elementor-element-75ab9f7 e-flex e-con-boxed e-con e-parent\" data-id=\"75ab9f7\" data-element_type=\"container\" data-e-type=\"container\">\n\t\t\t\t\t<div class=\"e-con-inner\">\n\t\t\t\t<div class=\"elementor-element elementor-element-7e63a07 elementor-widget__width-initial elementor-widget elementor-widget-text-editor\" data-id=\"7e63a07\" data-element_type=\"widget\" data-e-type=\"widget\" data-widget_type=\"text-editor.default\">\n\t\t\t\t\t\t\t\t\t<p>ITEK Green Technologies dostarcza energooszcz\u0119dne rozwi\u0105zania do wychwytywania zanieczyszcze\u0144 od trzech dekad. G\u0142\u00f3wnym obszarem dzia\u0142alno\u015bci jest zbieranie py\u0142u, dymu i gazu dla przemys\u0142u produkcyjnego i przetw\u00f3rczego. <\/p><p>Zar\u00f3wno Ustawa o prawie pracy, Ustawa o ochronie \u015brodowiska, zaostrzone wymogi kontroli w\u0142asnych emisji, jak i przede wszystkim w\u0142asne d\u0105\u017cenia firm do poprawy, przyczyniaj\u0105 si\u0119 do tego, \u017ce przemys\u0142 dostawczy musi sprosta\u0107 wyzwaniom, zapewniaj\u0105c kompetencje i jako\u015b\u0107 na ka\u017cdym etapie.<\/p>\t\t\t\t\t\t\t\t<\/div>\n\t\t\t\t\t<\/div>\n\t\t\t\t<\/div>\n\t\t<div class=\"elementor-element elementor-element-22b4834 e-flex e-con-boxed e-con e-parent\" data-id=\"22b4834\" data-element_type=\"container\" data-e-type=\"container\">\n\t\t\t\t\t<div class=\"e-con-inner\">\n\t\t\t\t<div class=\"elementor-element elementor-element-7503fc5 elementor-widget elementor-widget-heading\" data-id=\"7503fc5\" data-element_type=\"widget\" data-e-type=\"widget\" data-widget_type=\"heading.default\">\n\t\t\t\t\t<h2 class=\"elementor-heading-title elementor-size-default\">ITEK Green Technologies opracowa\u0142 w\u0142asne wymagania, aby zapewni\u0107 trzy g\u0142\u00f3wne obszary:\n<\/h2>\t\t\t\t<\/div>\n\t\t<div class=\"elementor-element elementor-element-ce8004f e-grid e-con-full e-con e-child\" data-id=\"ce8004f\" data-element_type=\"container\" data-e-type=\"container\">\n\t\t<div class=\"elementor-element elementor-element-e688380 e-con-full e-flex e-con e-child\" data-id=\"e688380\" data-element_type=\"container\" data-e-type=\"container\" data-settings=\"{&quot;background_background&quot;:&quot;classic&quot;}\">\n\t\t\t\t<div class=\"elementor-element elementor-element-55ceef3 elementor-widget elementor-widget-heading\" data-id=\"55ceef3\" data-element_type=\"widget\" data-e-type=\"widget\" data-widget_type=\"heading.default\">\n\t\t\t\t\t<h5 class=\"elementor-heading-title elementor-size-default\">1<\/h5>\t\t\t\t<\/div>\n\t\t\t\t<div class=\"elementor-element elementor-element-8a4ef03 elementor-widget elementor-widget-heading\" data-id=\"8a4ef03\" data-element_type=\"widget\" data-e-type=\"widget\" data-widget_type=\"heading.default\">\n\t\t\t\t\t<h5 class=\"elementor-heading-title elementor-size-default\">Czyste powietrze w strefach pracy i pomieszczeniach produkcyjnych<\/h5>\t\t\t\t<\/div>\n\t\t\t\t<\/div>\n\t\t<div class=\"elementor-element elementor-element-765f0f8 e-con-full e-flex e-con e-child\" data-id=\"765f0f8\" data-element_type=\"container\" data-e-type=\"container\" data-settings=\"{&quot;background_background&quot;:&quot;classic&quot;}\">\n\t\t\t\t<div class=\"elementor-element elementor-element-bf4cca7 elementor-widget elementor-widget-heading\" data-id=\"bf4cca7\" data-element_type=\"widget\" data-e-type=\"widget\" data-widget_type=\"heading.default\">\n\t\t\t\t\t<h5 class=\"elementor-heading-title elementor-size-default\">2<\/h5>\t\t\t\t<\/div>\n\t\t\t\t<div class=\"elementor-element elementor-element-4d08930 elementor-widget elementor-widget-heading\" data-id=\"4d08930\" data-element_type=\"widget\" data-e-type=\"widget\" data-widget_type=\"heading.default\">\n\t\t\t\t\t<h5 class=\"elementor-heading-title elementor-size-default\">Zmniejszone emisje do \u015brodowiska zewn\u0119trznego<\/h5>\t\t\t\t<\/div>\n\t\t\t\t<\/div>\n\t\t<div class=\"elementor-element elementor-element-417f2c3 e-con-full e-flex e-con e-child\" data-id=\"417f2c3\" data-element_type=\"container\" data-e-type=\"container\" data-settings=\"{&quot;background_background&quot;:&quot;classic&quot;}\">\n\t\t\t\t<div class=\"elementor-element elementor-element-b2a30bc elementor-widget elementor-widget-heading\" data-id=\"b2a30bc\" data-element_type=\"widget\" data-e-type=\"widget\" data-widget_type=\"heading.default\">\n\t\t\t\t\t<h5 class=\"elementor-heading-title elementor-size-default\">3<\/h5>\t\t\t\t<\/div>\n\t\t\t\t<div class=\"elementor-element elementor-element-99856ed elementor-widget elementor-widget-heading\" data-id=\"99856ed\" data-element_type=\"widget\" data-e-type=\"widget\" data-widget_type=\"heading.default\">\n\t\t\t\t\t<h5 class=\"elementor-heading-title elementor-size-default\">Dobra efektywno\u015b\u0107 energetyczna i odzysk (patrz osobna strona \u201eEnergia\")<\/h5>\t\t\t\t<\/div>\n\t\t\t\t<\/div>\n\t\t\t\t<\/div>\n\t\t\t\t\t<\/div>\n\t\t\t\t<\/div>\n\t\t<div class=\"elementor-element elementor-element-b7196a6 e-flex e-con-boxed e-con e-parent\" data-id=\"b7196a6\" data-element_type=\"container\" data-e-type=\"container\">\n\t\t\t\t\t<div class=\"e-con-inner\">\n\t\t<div class=\"elementor-element elementor-element-9c73ded e-con-full e-flex e-con e-child\" data-id=\"9c73ded\" data-element_type=\"container\" data-e-type=\"container\">\n\t\t\t\t<div class=\"elementor-element elementor-element-779a186 elementor-widget elementor-widget-heading\" data-id=\"779a186\" data-element_type=\"widget\" data-e-type=\"widget\" data-widget_type=\"heading.default\">\n\t\t\t\t\t<h2 class=\"elementor-heading-title elementor-size-default\">Aby zapewni\u0107 zoptymalizowane rozwi\u0105zania dla wszystkich naszych klient\u00f3w, to jest nasze zobowi\u0105zanie:<\/h2>\t\t\t\t<\/div>\n\t\t\t\t<div class=\"elementor-element elementor-element-0b1893f elementor-widget__width-initial elementor-widget elementor-widget-text-editor\" data-id=\"0b1893f\" data-element_type=\"widget\" data-e-type=\"widget\" data-widget_type=\"text-editor.default\">\n\t\t\t\t\t\t\t\t\t<p> <\/p><ul><li>Wiedza i zrozumienie potrzeb klient\u00f3w oraz proces\u00f3w pracy<\/li><li>Dobre techniczne rozwi\u0105zania systemowe dla trwa\u0142ej, stabilnej pracy przez ca\u0142y okres u\u017cytkowania instalacji<\/li><li>Skupienie na efektywno\u015bci energetycznej i odzysku energii<\/li><li>Odpowiedzialno\u015b\u0107 za ca\u0142\u0105 dostaw\u0119<\/li><li>Niezawodno\u015b\u0107 w d\u0142ugim okresie, z odpowiednimi cz\u0119\u015bciami zamiennymi i dostosowanym serwisem<\/li><li>Zapewnienie mo\u017cliwo\u015bci odzysku i recyklingu produktu (kana\u0142y strumieni bocznych)<\/li><\/ul>\t\t\t\t\t\t\t\t<\/div>\n\t\t\t\t<\/div>\n\t\t<div class=\"elementor-element elementor-element-3775183 e-con-full e-flex e-con e-child\" data-id=\"3775183\" data-element_type=\"container\" data-e-type=\"container\" data-settings=\"{&quot;background_background&quot;:&quot;classic&quot;}\">\n\t\t\t\t<\/div>\n\t\t\t\t\t<\/div>\n\t\t\t\t<\/div>\n\t\t<div class=\"elementor-element elementor-element-b1f75a7 e-flex e-con-boxed e-con e-parent\" data-id=\"b1f75a7\" data-element_type=\"container\" data-e-type=\"container\">\n\t\t\t\t\t<div class=\"e-con-inner\">\n\t\t\t\t<div class=\"elementor-element elementor-element-415f665 elementor-widget__width-initial elementor-widget elementor-widget-text-editor\" data-id=\"415f665\" data-element_type=\"widget\" data-e-type=\"widget\" data-widget_type=\"text-editor.default\">\n\t\t\t\t\t\t\t\t\t<p>Mamy do\u015bwiadczenie w ma\u0142ych i du\u017cych dostawach dla m.in. Kymera(Fiven), Saint Gobain, Elkem, Glencore, REC, Eramet, Toro, Norske Skog, Glava, Agder Energi i wielu innych. Nasza wiedza systemowa obejmuje przemys\u0142owe filtry py\u0142owe, wentylatory, systemy odkurzania, odci\u0105gi punktowe, t\u0142umienie ha\u0142asu, usuwanie zapach\u00f3w, odzysk energii i wiele wi\u0119cej.  <\/p>\t\t\t\t\t\t\t\t<\/div>\n\t\t\t\t<div class=\"elementor-element elementor-element-4283ec4 elementor-widget__width-initial elementor-widget elementor-widget-text-editor\" data-id=\"4283ec4\" data-element_type=\"widget\" data-e-type=\"widget\" data-widget_type=\"text-editor.default\">\n\t\t\t\t\t\t\t\t\t<p>ITEK Green Technologies reprezentuje uznanych mi\u0119dzynarodowych producent\u00f3w, a tak\u017ce oferuje rozwi\u0105zania dostosowane do potrzeb klienta i w\u0142asnej produkcji.<\/p>\t\t\t\t\t\t\t\t<\/div>\n\t\t\t\t<div class=\"elementor-element elementor-element-040b243 elementor-widget__width-initial elementor-widget elementor-widget-text-editor\" data-id=\"040b243\" data-element_type=\"widget\" data-e-type=\"widget\" data-widget_type=\"text-editor.default\">\n\t\t\t\t\t\t\t\t\t<p>ITEK Green Technologies posiada certyfikat Milj\u00f8fyrt\u00e5rn <a href=\"https:\/\/portal.miljofyrtarn.no\/organizations\/26685\/data\/publicStatistics\">Raport Klimatyczno-\u015arodowiskowy 2024<\/a><\/p>\t\t\t\t\t\t\t\t<\/div>\n\t\t\t\t<div class=\"elementor-element elementor-element-a01a12d elementor-widget__width-initial elementor-widget elementor-widget-text-editor\" data-id=\"a01a12d\" data-element_type=\"widget\" data-e-type=\"widget\" data-widget_type=\"text-editor.default\">\n\t\t\t\t\t\t\t\t\t<p>ITEK Green Technologies d\u0105\u017cy do utrzymania otwartej kultury biznesowej z wysokimi standardami etycznymi. Je\u015bli zauwa\u017cysz co\u015b nieprawid\u0142owego, mo\u017cesz \u0142atwo zg\u0142osi\u0107 to anonimowo tutaj: <a href=\"https:\/\/report.whistleb.com\/no\/addtech\">Whistleblowing<\/a> <\/p>\t\t\t\t\t\t\t\t<\/div>\n\t\t\t\t\t<\/div>\n\t\t\t\t<\/div>\n\t\t\t\t<\/div>\n\t\t","protected":false},"excerpt":{"rendered":"<p>O nas ITEK Green Technologies posiada ponad 30-letnie do\u015bwiadczenie w zakresie rozwi\u0105za\u0144 procesowych i energetycznych dla przemys\u0142u. Pracujemy nad popraw\u0105 efektywno\u015bci energetycznej i redukcj\u0105 zanieczyszcze\u0144 zgodnie z wymogami prawa pracy i ustawy o ochronie \u015brodowiska. ITEK Green Technologies dostarcza energooszcz\u0119dne rozwi\u0105zania do wychwytywania zanieczyszcze\u0144 od trzech dekad. G\u0142\u00f3wnym obszarem dzia\u0142alno\u015bci jest zbieranie py\u0142u, dymu i [&hellip;]<\/p>\n","protected":false},"author":1,"featured_media":0,"parent":0,"menu_order":0,"comment_status":"closed","ping_status":"closed","template":"","meta":{"_acf_changed":false,"footnotes":""},"class_list":["post-1395","page","type-page","status-publish","hentry"],"acf":[],"_links":{"self":[{"href":"https:\/\/byggnettside.com\/pl\/wp-json\/wp\/v2\/pages\/1395","targetHints":{"allow":["GET"]}}],"collection":[{"href":"https:\/\/byggnettside.com\/pl\/wp-json\/wp\/v2\/pages"}],"about":[{"href":"https:\/\/byggnettside.com\/pl\/wp-json\/wp\/v2\/types\/page"}],"author":[{"embeddable":true,"href":"https:\/\/byggnettside.com\/pl\/wp-json\/wp\/v2\/users\/1"}],"replies":[{"embeddable":true,"href":"https:\/\/byggnettside.com\/pl\/wp-json\/wp\/v2\/comments?post=1395"}],"version-history":[{"count":1,"href":"https:\/\/byggnettside.com\/pl\/wp-json\/wp\/v2\/pages\/1395\/revisions"}],"predecessor-version":[{"id":1398,"href":"https:\/\/byggnettside.com\/pl\/wp-json\/wp\/v2\/pages\/1395\/revisions\/1398"}],"wp:attachment":[{"href":"https:\/\/byggnettside.com\/pl\/wp-json\/wp\/v2\/media?parent=1395"}],"curies":[{"name":"wp","href":"https:\/\/api.w.org\/{rel}","templated":true}]}}