{"id":1344,"date":"2025-10-21T15:51:07","date_gmt":"2025-10-21T13:51:07","guid":{"rendered":"https:\/\/byggnettside.com\/kariera\/"},"modified":"2025-11-17T12:46:40","modified_gmt":"2025-11-17T10:46:40","slug":"kariera","status":"publish","type":"page","link":"https:\/\/byggnettside.com\/pl\/kariera\/","title":{"rendered":"Kariera"},"content":{"rendered":"\t\t<div data-elementor-type=\"wp-page\" data-elementor-id=\"1344\" class=\"elementor elementor-1344 elementor-1157\" data-elementor-post-type=\"page\">\n\t\t\t\t<div class=\"elementor-element elementor-element-5aa235c e-flex e-con-boxed e-con e-parent\" data-id=\"5aa235c\" data-element_type=\"container\" data-e-type=\"container\">\n\t\t\t\t\t<div class=\"e-con-inner\">\n\t\t\t\t<div class=\"elementor-element elementor-element-4fa67ba elementor-widget elementor-widget-heading\" data-id=\"4fa67ba\" data-element_type=\"widget\" data-e-type=\"widget\" data-widget_type=\"heading.default\">\n\t\t\t\t\t<h6 class=\"elementor-heading-title elementor-size-default\">Rekrutujemy!<\/h6>\t\t\t\t<\/div>\n\t\t\t\t<div class=\"elementor-element elementor-element-15ec8ac elementor-widget elementor-widget-heading\" data-id=\"15ec8ac\" data-element_type=\"widget\" data-e-type=\"widget\" data-widget_type=\"heading.default\">\n\t\t\t\t\t<h1 class=\"elementor-heading-title elementor-size-default\">Do\u0142\u0105cz do naszej podr\u00f3\u017cy<\/h1>\t\t\t\t<\/div>\n\t\t\t\t<div class=\"elementor-element elementor-element-0597d94 elementor-widget__width-initial elementor-widget elementor-widget-text-editor\" data-id=\"0597d94\" data-element_type=\"widget\" data-e-type=\"widget\" data-widget_type=\"text-editor.default\">\n\t\t\t\t\t\t\t\t\t<p>Poszukujemy os\u00f3b z pasj\u0105 do technologii, \u015brodowiska i systematyki. W ITEK wierzymy w p\u0142ask\u0105 struktur\u0119 hierarchii, jasn\u0105 komunikacj\u0119 i dobrze zdefiniowane obszary odpowiedzialno\u015bci.<\/p>\t\t\t\t\t\t\t\t<\/div>\n\t\t\t\t\t<\/div>\n\t\t\t\t<\/div>\n\t\t<div class=\"elementor-element elementor-element-80c203f e-flex e-con-boxed e-con e-parent\" data-id=\"80c203f\" data-element_type=\"container\" data-e-type=\"container\" data-settings=\"{&quot;background_background&quot;:&quot;classic&quot;}\">\n\t\t\t\t\t<div class=\"e-con-inner\">\n\t\t<div class=\"elementor-element elementor-element-d8ff2f9 e-con-full e-flex e-con e-child\" data-id=\"d8ff2f9\" data-element_type=\"container\" data-e-type=\"container\" data-settings=\"{&quot;background_background&quot;:&quot;classic&quot;}\">\n\t\t\t\t<\/div>\n\t\t\t\t\t<\/div>\n\t\t\t\t<\/div>\n\t\t\t\t<\/div>\n\t\t","protected":false},"excerpt":{"rendered":"<p>Rekrutujemy! Do\u0142\u0105cz do naszej podr\u00f3\u017cy Poszukujemy os\u00f3b z pasj\u0105 do technologii, \u015brodowiska i systematyki. W ITEK wierzymy w p\u0142ask\u0105 struktur\u0119 hierarchii, jasn\u0105 komunikacj\u0119 i dobrze zdefiniowane obszary odpowiedzialno\u015bci.<\/p>\n","protected":false},"author":1,"featured_media":0,"parent":0,"menu_order":0,"comment_status":"closed","ping_status":"closed","template":"","meta":{"_acf_changed":false,"footnotes":""},"class_list":["post-1344","page","type-page","status-publish","hentry"],"acf":[],"_links":{"self":[{"href":"https:\/\/byggnettside.com\/pl\/wp-json\/wp\/v2\/pages\/1344","targetHints":{"allow":["GET"]}}],"collection":[{"href":"https:\/\/byggnettside.com\/pl\/wp-json\/wp\/v2\/pages"}],"about":[{"href":"https:\/\/byggnettside.com\/pl\/wp-json\/wp\/v2\/types\/page"}],"author":[{"embeddable":true,"href":"https:\/\/byggnettside.com\/pl\/wp-json\/wp\/v2\/users\/1"}],"replies":[{"embeddable":true,"href":"https:\/\/byggnettside.com\/pl\/wp-json\/wp\/v2\/comments?post=1344"}],"version-history":[{"count":1,"href":"https:\/\/byggnettside.com\/pl\/wp-json\/wp\/v2\/pages\/1344\/revisions"}],"predecessor-version":[{"id":1345,"href":"https:\/\/byggnettside.com\/pl\/wp-json\/wp\/v2\/pages\/1344\/revisions\/1345"}],"wp:attachment":[{"href":"https:\/\/byggnettside.com\/pl\/wp-json\/wp\/v2\/media?parent=1344"}],"curies":[{"name":"wp","href":"https:\/\/api.w.org\/{rel}","templated":true}]}}