{"id":1326,"date":"2025-10-10T10:35:12","date_gmt":"2025-10-10T08:35:12","guid":{"rendered":"https:\/\/byggnettside.com\/admin\/"},"modified":"2025-11-17T12:46:34","modified_gmt":"2025-11-17T10:46:34","slug":"admin","status":"publish","type":"page","link":"https:\/\/byggnettside.com\/pl\/admin\/","title":{"rendered":"Admin"},"content":{"rendered":"\t\t<div data-elementor-type=\"wp-page\" data-elementor-id=\"1326\" class=\"elementor elementor-1326 elementor-989\" data-elementor-post-type=\"page\">\n\t\t\t\t<div class=\"elementor-element elementor-element-4b58e1a e-con-full e-flex e-con e-parent\" data-id=\"4b58e1a\" data-element_type=\"container\" data-e-type=\"container\" data-settings=\"{&quot;background_background&quot;:&quot;video&quot;,&quot;background_video_link&quot;:&quot;https:\\\/\\\/www.youtube.com\\\/watch?v=Zt2nJcs219c&quot;,&quot;background_play_on_mobile&quot;:&quot;yes&quot;}\">\n\t\t<div class=\"elementor-background-video-container\">\n\t\t\t\t\t\t\t<div class=\"elementor-background-video-embed\" role=\"presentation\"><\/div>\n\t\t\t\t\t\t<\/div><div class=\"elementor-element elementor-element-016ed18 e-con-full e-flex e-con e-child\" data-id=\"016ed18\" data-element_type=\"container\" data-e-type=\"container\" data-settings=\"{&quot;background_background&quot;:&quot;classic&quot;}\">\n\t\t<div class=\"elementor-element elementor-element-ae3b2d5 e-con-full e-flex e-con e-child\" data-id=\"ae3b2d5\" data-element_type=\"container\" data-e-type=\"container\">\n\t\t<div class=\"elementor-element elementor-element-8869ca7 e-con-full e-flex e-con e-child\" data-id=\"8869ca7\" data-element_type=\"container\" data-e-type=\"container\">\n\t\t\t\t<div class=\"elementor-element elementor-element-e7a2686 elementor-widget elementor-widget-image\" data-id=\"e7a2686\" data-element_type=\"widget\" data-e-type=\"widget\" data-widget_type=\"image.default\">\n\t\t\t\t\t\t\t\t\t\t\t\t\t\t\t<img fetchpriority=\"high\" decoding=\"async\" width=\"673\" height=\"220\" src=\"https:\/\/byggnettside.com\/wp-content\/uploads\/2025\/08\/main1.png\" class=\"attachment-large size-large wp-image-1328\" alt=\"\" srcset=\"https:\/\/byggnettside.com\/wp-content\/uploads\/2025\/08\/main1.png 673w, https:\/\/byggnettside.com\/wp-content\/uploads\/2025\/08\/main1-300x98.png 300w\" sizes=\"(max-width: 673px) 100vw, 673px\" \/>\t\t\t\t\t\t\t\t\t\t\t\t\t\t\t<\/div>\n\t\t\t\t<div class=\"elementor-element elementor-element-b4e603a elementor-widget elementor-widget-image\" data-id=\"b4e603a\" data-element_type=\"widget\" data-e-type=\"widget\" data-widget_type=\"image.default\">\n\t\t\t\t\t\t\t\t\t\t\t\t\t\t\t<img decoding=\"async\" width=\"148\" height=\"220\" src=\"https:\/\/byggnettside.com\/wp-content\/uploads\/2025\/08\/main3.png\" class=\"attachment-large size-large wp-image-1329\" alt=\"\" \/>\t\t\t\t\t\t\t\t\t\t\t\t\t\t\t<\/div>\n\t\t\t\t<\/div>\n\t\t\t\t<div class=\"elementor-element elementor-element-cb1a813 elementor-button-align-stretch elementor-widget__width-initial elementor-widget elementor-widget-login\" data-id=\"cb1a813\" data-element_type=\"widget\" data-e-type=\"widget\" data-widget_type=\"login.default\">\n\t\t\t\t\t\t\t<form class=\"elementor-login elementor-form\" method=\"post\" action=\"https:\/\/byggnettside.com\/wp-login.php\" aria-label=\"Login form\">\n\t\t\t<input type=\"hidden\" name=\"redirect_to\" value=\"https:\/\/byggnettside.com\/\">\n\t\t\t<div class=\"elementor-form-fields-wrapper\">\n\t\t\t\t<div class=\"elementor-field-type-text elementor-field-group elementor-column elementor-col-100 elementor-field-required\">\n\t\t\t\t\t<label for=\"user-cb1a813\" class=\"elementor-field-label elementor-screen-only\">Nazwa u\u017cytkownika lub adres e-mail<\/label>\n\t\t\t\t\t<input size=\"1\" type=\"text\" name=\"log\" id=\"user-cb1a813\" placeholder=\"Nazwa u\u017cytkownika lub adres e-mail\" class=\"elementor-field elementor-field-textual elementor-size-lg\">\n\t\t\t\t<\/div>\n\t\t\t\t<div class=\"elementor-field-type-text elementor-field-group elementor-column elementor-col-100 elementor-field-required\">\n\t\t\t\t\t<label for=\"password-cb1a813\" class=\"elementor-field-label elementor-screen-only\">Has\u0142o<\/label>\n\t\t\t\t\t<input size=\"1\" type=\"password\" name=\"pwd\" id=\"password-cb1a813\" placeholder=\"Has\u0142o\" class=\"elementor-field elementor-field-textual elementor-size-lg\">\n\t\t\t\t<\/div>\n\n\t\t\t\t\t\t\t\t\t<div class=\"elementor-field-type-checkbox elementor-field-group elementor-column elementor-col-100 elementor-remember-me\">\n\t\t\t\t\t\t<label for=\"elementor-login-remember-me\">\n\t\t\t\t\t\t\t<input type=\"checkbox\" id=\"elementor-login-remember-me\" name=\"rememberme\" value=\"forever\">\n\t\t\t\t\t\t\tZapami\u0119taj mnie\t\t\t\t\t\t<\/label>\n\t\t\t\t\t<\/div>\n\t\t\t\t\n\t\t\t\t<div class=\"elementor-field-group elementor-column elementor-field-type-submit elementor-col-100\">\n\t\t\t\t\t<button type=\"submit\" class=\"elementor-size-md elementor-button\" name=\"wp-submit\">\n\t\t\t\t\t\t\t\t\t\t\t\t\t\t\t<span class=\"elementor-button-text\">Zaloguj si\u0119<\/span>\n\t\t\t\t\t\t\t\t\t\t\t\t<\/button>\n\t\t\t\t<\/div>\n\n\t\t\t\t\t\t\t\t\t<div class=\"elementor-field-group elementor-column elementor-col-100\">\n\t\t\t\t\t\t\t\t\t\t\t\t\t\t\t\t\t\t\t\t<a class=\"elementor-lost-password\" href=\"https:\/\/byggnettside.com\/wp-login.php?action=lostpassword&redirect_to=https%3A%2F%2Fbyggnettside.com%2F\">\n\t\t\t\t\t\t\t\tZapomnia\u0142e\u015b has\u0142a?\t\t\t\t\t\t\t<\/a>\n\t\t\t\t\t\t\n\t\t\t\t\t\t\t\t\t\t\t<\/div>\n\t\t\t\t\t\t\t<\/div>\n\t\t<\/form>\n\t\t\t\t\t\t<\/div>\n\t\t\t\t<\/div>\n\t\t\t\t<\/div>\n\t\t<div class=\"elementor-element elementor-element-421df21 e-con-full e-flex e-con e-child\" data-id=\"421df21\" data-element_type=\"container\" data-e-type=\"container\">\n\t\t\t\t<\/div>\n\t\t\t\t<\/div>\n\t\t\t\t<\/div>\n\t\t","protected":false},"excerpt":{"rendered":"","protected":false},"author":1,"featured_media":0,"parent":0,"menu_order":0,"comment_status":"closed","ping_status":"closed","template":"elementor_canvas","meta":{"_acf_changed":false,"footnotes":""},"class_list":["post-1326","page","type-page","status-publish","hentry"],"acf":[],"_links":{"self":[{"href":"https:\/\/byggnettside.com\/pl\/wp-json\/wp\/v2\/pages\/1326","targetHints":{"allow":["GET"]}}],"collection":[{"href":"https:\/\/byggnettside.com\/pl\/wp-json\/wp\/v2\/pages"}],"about":[{"href":"https:\/\/byggnettside.com\/pl\/wp-json\/wp\/v2\/types\/page"}],"author":[{"embeddable":true,"href":"https:\/\/byggnettside.com\/pl\/wp-json\/wp\/v2\/users\/1"}],"replies":[{"embeddable":true,"href":"https:\/\/byggnettside.com\/pl\/wp-json\/wp\/v2\/comments?post=1326"}],"version-history":[{"count":1,"href":"https:\/\/byggnettside.com\/pl\/wp-json\/wp\/v2\/pages\/1326\/revisions"}],"predecessor-version":[{"id":1333,"href":"https:\/\/byggnettside.com\/pl\/wp-json\/wp\/v2\/pages\/1326\/revisions\/1333"}],"wp:attachment":[{"href":"https:\/\/byggnettside.com\/pl\/wp-json\/wp\/v2\/media?parent=1326"}],"curies":[{"name":"wp","href":"https:\/\/api.w.org\/{rel}","templated":true}]}}