{"id":1316,"date":"2025-09-12T10:34:45","date_gmt":"2025-09-12T08:34:45","guid":{"rendered":"https:\/\/byggnettside.com\/projekty\/"},"modified":"2025-11-17T12:46:34","modified_gmt":"2025-11-17T10:46:34","slug":"projekty","status":"publish","type":"page","link":"https:\/\/byggnettside.com\/pl\/projekty\/","title":{"rendered":"Projekty"},"content":{"rendered":"\t\t<div data-elementor-type=\"wp-page\" data-elementor-id=\"1316\" class=\"elementor elementor-1316 elementor-605\" data-elementor-post-type=\"page\">\n\t\t\t\t<div class=\"elementor-element elementor-element-6377498 e-flex e-con-boxed e-con e-parent\" data-id=\"6377498\" data-element_type=\"container\" data-e-type=\"container\" data-settings=\"{&quot;background_background&quot;:&quot;classic&quot;}\">\n\t\t\t\t\t<div class=\"e-con-inner\">\n\t\t\t\t<div class=\"elementor-element elementor-element-230b668 elementor-widget elementor-widget-heading\" data-id=\"230b668\" data-element_type=\"widget\" data-e-type=\"widget\" data-widget_type=\"heading.default\">\n\t\t\t\t\t<h1 class=\"elementor-heading-title elementor-size-default\">Projekty<\/h1>\t\t\t\t<\/div>\n\t\t\t\t<div class=\"elementor-element elementor-element-c8cc348 elementor-widget__width-initial elementor-widget elementor-widget-text-editor\" data-id=\"c8cc348\" data-element_type=\"widget\" data-e-type=\"widget\" data-widget_type=\"text-editor.default\">\n\t\t\t\t\t\t\t\t\t<p>Poznaj niekt\u00f3re z wizjonerskich projekt\u00f3w na ca\u0142ym \u015bwiecie, kt\u00f3re wykorzystuj\u0105 nasz\u0105 technologi\u0119 do przywracania r\u00f3wnowagi klimatycznej i zast\u0119powania paliw kopalnych.<\/p>\t\t\t\t\t\t\t\t<\/div>\n\t\t\t\t\t<\/div>\n\t\t\t\t<\/div>\n\t\t<div class=\"elementor-element elementor-element-105bc09 e-flex e-con-boxed e-con e-parent\" data-id=\"105bc09\" data-element_type=\"container\" data-e-type=\"container\">\n\t\t\t\t\t<div class=\"e-con-inner\">\n\t\t\t\t<div class=\"elementor-element elementor-element-c3b27fc elementor-widget__width-auto elementor-widget elementor-widget-heading\" data-id=\"c3b27fc\" data-element_type=\"widget\" data-e-type=\"widget\" data-widget_type=\"heading.default\">\n\t\t\t\t\t<h3 class=\"elementor-heading-title elementor-size-default\">Projekty<\/h3>\t\t\t\t<\/div>\n\t\t\t\t<div class=\"elementor-element elementor-element-2c6ed48 elementor-widget elementor-widget-heading\" data-id=\"2c6ed48\" data-element_type=\"widget\" data-e-type=\"widget\" data-widget_type=\"heading.default\">\n\t\t\t\t\t<h2 class=\"elementor-heading-title elementor-size-default\">Od naszych klient\u00f3w<\/h2>\t\t\t\t<\/div>\n\t\t\t\t<div class=\"elementor-element elementor-element-dd79fbe elementor-grid-3 elementor-grid-tablet-2 elementor-grid-mobile-1 elementor-widget elementor-widget-loop-grid\" data-id=\"dd79fbe\" data-element_type=\"widget\" data-e-type=\"widget\" data-settings=\"{&quot;template_id&quot;:1701,&quot;_skin&quot;:&quot;post&quot;,&quot;columns&quot;:&quot;3&quot;,&quot;columns_tablet&quot;:&quot;2&quot;,&quot;columns_mobile&quot;:&quot;1&quot;,&quot;edit_handle_selector&quot;:&quot;[data-elementor-type=\\&quot;loop-item\\&quot;]&quot;,&quot;row_gap&quot;:{&quot;unit&quot;:&quot;px&quot;,&quot;size&quot;:&quot;&quot;,&quot;sizes&quot;:[]},&quot;row_gap_tablet&quot;:{&quot;unit&quot;:&quot;px&quot;,&quot;size&quot;:&quot;&quot;,&quot;sizes&quot;:[]},&quot;row_gap_mobile&quot;:{&quot;unit&quot;:&quot;px&quot;,&quot;size&quot;:&quot;&quot;,&quot;sizes&quot;:[]}}\" data-widget_type=\"loop-grid.post\">\n\t\t\t\t<div class=\"elementor-widget-container\">\n\t\t\t\t\t\t\t<div class=\"elementor-loop-container elementor-grid\" role=\"list\">\n\t\t<style id=\"loop-dynamic-1701\">.e-loop-item-1364 .elementor-element.elementor-element-1f628bf:not(.elementor-motion-effects-element-type-background), .e-loop-item-1364 .elementor-element.elementor-element-1f628bf > .elementor-motion-effects-container > .elementor-motion-effects-layer{background-image:url(\"https:\/\/byggnettside.com\/wp-content\/uploads\/2025\/10\/standard_compressed_glomfjord_.jpg\");}<\/style><style id=\"loop-1701\">.elementor-1701 .elementor-element.elementor-element-1f628bf{--display:flex;--min-height:480px;--justify-content:flex-end;--border-radius:14px 14px 14px 14px;--padding-top:20px;--padding-bottom:20px;--padding-left:20px;--padding-right:65px;}.elementor-1701 .elementor-element.elementor-element-1f628bf:not(.elementor-motion-effects-element-type-background), .elementor-1701 .elementor-element.elementor-element-1f628bf > .elementor-motion-effects-container > .elementor-motion-effects-layer{background-position:center center;background-repeat:no-repeat;background-size:cover;}.elementor-1701 .elementor-element.elementor-element-ae5fdfb{--display:flex;--min-height:179px;--border-radius:12px 12px 12px 12px;--padding-top:25px;--padding-bottom:25px;--padding-left:25px;--padding-right:25px;}.elementor-1701 .elementor-element.elementor-element-ae5fdfb:not(.elementor-motion-effects-element-type-background), .elementor-1701 .elementor-element.elementor-element-ae5fdfb > .elementor-motion-effects-container > .elementor-motion-effects-layer{background-color:var( --e-global-color-2fd6076 );}.elementor-widget-heading .elementor-heading-title{font-family:var( --e-global-typography-primary-font-family ), Sans-serif;font-weight:var( --e-global-typography-primary-font-weight );color:var( --e-global-color-primary );}.elementor-1701 .elementor-element.elementor-element-fd8dd16 .elementor-heading-title{font-family:\"Space Grotesk\", Sans-serif;font-weight:500;color:var( --e-global-color-secondary );}.elementor-widget-text-editor{font-family:var( --e-global-typography-text-font-family ), Sans-serif;font-weight:var( --e-global-typography-text-font-weight );color:var( --e-global-color-text );}.elementor-widget-text-editor.elementor-drop-cap-view-stacked .elementor-drop-cap{background-color:var( --e-global-color-primary );}.elementor-widget-text-editor.elementor-drop-cap-view-framed .elementor-drop-cap, .elementor-widget-text-editor.elementor-drop-cap-view-default .elementor-drop-cap{color:var( --e-global-color-primary );border-color:var( --e-global-color-primary );}.elementor-1701 .elementor-element.elementor-element-4c592d9{font-family:\"Space Grotesk\", Sans-serif;font-weight:400;}.elementor-widget-icon-box.elementor-view-stacked .elementor-icon{background-color:var( --e-global-color-primary );}.elementor-widget-icon-box.elementor-view-framed .elementor-icon, .elementor-widget-icon-box.elementor-view-default .elementor-icon{fill:var( --e-global-color-primary );color:var( --e-global-color-primary );border-color:var( --e-global-color-primary );}.elementor-widget-icon-box .elementor-icon-box-title, .elementor-widget-icon-box .elementor-icon-box-title a{font-family:var( --e-global-typography-primary-font-family ), Sans-serif;font-weight:var( --e-global-typography-primary-font-weight );}.elementor-widget-icon-box .elementor-icon-box-title{color:var( --e-global-color-primary );}.elementor-widget-icon-box:has(:hover) .elementor-icon-box-title,\n\t\t\t\t\t .elementor-widget-icon-box:has(:focus) .elementor-icon-box-title{color:var( --e-global-color-primary );}.elementor-widget-icon-box .elementor-icon-box-description{font-family:var( --e-global-typography-text-font-family ), Sans-serif;font-weight:var( --e-global-typography-text-font-weight );color:var( --e-global-color-text );}.elementor-1701 .elementor-element.elementor-element-192b7ba .elementor-icon-box-wrapper{align-items:start;text-align:start;gap:15px;}.elementor-1701 .elementor-element.elementor-element-192b7ba .elementor-icon{font-size:34px;}.elementor-1701 .elementor-element.elementor-element-192b7ba .elementor-icon-box-title, .elementor-1701 .elementor-element.elementor-element-192b7ba .elementor-icon-box-title a{font-family:\"Space Grotesk\", Sans-serif;font-size:16px;font-weight:400;}.elementor-1701 .elementor-element.elementor-element-192b7ba .elementor-icon-box-title{color:var( --e-global-color-secondary );}.elementor-1701 .elementor-element.elementor-element-192b7ba:has(:hover) .elementor-icon-box-title,\n\t\t\t\t\t .elementor-1701 .elementor-element.elementor-element-192b7ba:has(:focus) .elementor-icon-box-title{color:var( --e-global-color-secondary );}.elementor-1701 .elementor-element.elementor-element-192b7ba{width:auto;max-width:auto;}.elementor-1701 .elementor-element.elementor-element-192b7ba.elementor-element{--align-self:flex-start;}@media(max-width:767px){.elementor-1701 .elementor-element.elementor-element-1f628bf{--min-height:361px;}.elementor-1701 .elementor-element.elementor-element-fd8dd16 .elementor-heading-title{font-size:20px;}.elementor-1701 .elementor-element.elementor-element-4c592d9{font-size:14px;}}\/* Start custom CSS for container, class: .elementor-element-1f628bf *\/.elementor-1701 .elementor-element.elementor-element-1f628bf{\n    cursor: pointer;\n}\/* End custom CSS *\/<\/style>\t\t<div data-elementor-type=\"loop-item\" data-elementor-id=\"1701\" class=\"elementor elementor-1701 elementor-607 elementor-607 e-loop-item e-loop-item-1364 post-1364 prosjekter type-prosjekter status-publish has-post-thumbnail hentry\" data-elementor-post-type=\"elementor_library\" data-custom-edit-handle=\"1\">\n\t\t\t<a class=\"elementor-element elementor-element-1f628bf e-flex e-con-boxed e-con e-parent\" data-id=\"1f628bf\" data-element_type=\"container\" data-e-type=\"container\" data-settings=\"{&quot;background_background&quot;:&quot;classic&quot;}\" href=\"https:\/\/byggnettside.com\/pl\/prosjekter\/nowa-instalacja-filtracji-pylu-w-yara-glomfjord\/\">\n\t\t\t\t\t<div class=\"e-con-inner\">\n\t\t<div class=\"elementor-element elementor-element-ae5fdfb e-con-full e-flex e-con e-child\" data-id=\"ae5fdfb\" data-element_type=\"container\" data-e-type=\"container\" data-settings=\"{&quot;background_background&quot;:&quot;classic&quot;}\">\n\t\t\t\t<div class=\"elementor-element elementor-element-fd8dd16 elementor-widget elementor-widget-heading\" data-id=\"fd8dd16\" data-element_type=\"widget\" data-e-type=\"widget\" data-widget_type=\"heading.default\">\n\t\t\t\t\t<h4 class=\"elementor-heading-title elementor-size-default\">Nowa instalacja filtracji py\u0142u w Yara Glomfjord<\/h4>\t\t\t\t<\/div>\n\t\t\t\t<div class=\"elementor-element elementor-element-4c592d9 elementor-widget elementor-widget-text-editor\" data-id=\"4c592d9\" data-element_type=\"widget\" data-e-type=\"widget\" data-widget_type=\"text-editor.default\">\n\t\t\t\t\t\t\t\t\t<p>ITEK dostarczy\u0142 pierwszy w Europie system typu DLMC G2<\/p>\t\t\t\t\t\t\t\t<\/div>\n\t\t\t\t<div class=\"elementor-element elementor-element-192b7ba elementor-position-inline-end elementor-widget__width-auto elementor-view-default elementor-mobile-position-block-start elementor-widget elementor-widget-icon-box\" data-id=\"192b7ba\" data-element_type=\"widget\" data-e-type=\"widget\" data-widget_type=\"icon-box.default\">\n\t\t\t\t\t\t\t<div class=\"elementor-icon-box-wrapper\">\n\n\t\t\t\t\t\t<div class=\"elementor-icon-box-icon\">\n\t\t\t\t<span  class=\"elementor-icon\">\n\t\t\t\t<svg xmlns:xlink=\"http:\/\/www.w3.org\/1999\/xlink\" xmlns=\"http:\/\/www.w3.org\/2000\/svg\" width=\"24\" height=\"24\" viewBox=\"0 0 24 24\" fill=\"none\" preserveAspectRatio=\"xMidYMid meet\" aria-hidden=\"true\" role=\"img\"><path d=\"M8.19678 15.75L15.6968 8.25M15.6968 8.25L8.19678 8.25M15.6968 8.25L15.6968 15.75\" stroke=\"#000000\" fill=\"none\"><\/path><\/svg>\t\t\t\t<\/span>\n\t\t\t<\/div>\n\t\t\t\n\t\t\t\t\t\t<div class=\"elementor-icon-box-content\">\n\n\t\t\t\t\t\t\t\t\t<h5 class=\"elementor-icon-box-title\">\n\t\t\t\t\t\t<span  >\n\t\t\t\t\t\t\tZobacz projekt\t\t\t\t\t\t<\/span>\n\t\t\t\t\t<\/h5>\n\t\t\t\t\n\t\t\t\t\n\t\t\t<\/div>\n\t\t\t\n\t\t<\/div>\n\t\t\t\t\t\t<\/div>\n\t\t\t\t<\/div>\n\t\t\t\t\t<\/div>\n\t\t\t\t<\/a>\n\t\t\t\t<\/div>\n\t\t<style id=\"loop-dynamic-1701\">.e-loop-item-1367 .elementor-element.elementor-element-1f628bf:not(.elementor-motion-effects-element-type-background), .e-loop-item-1367 .elementor-element.elementor-element-1f628bf > .elementor-motion-effects-container > .elementor-motion-effects-layer{background-image:url(\"https:\/\/byggnettside.com\/wp-content\/uploads\/2025\/09\/ITEK_ERAMET_SAUDA-scaled.png\");}<\/style>\t\t<div data-elementor-type=\"loop-item\" data-elementor-id=\"1701\" class=\"elementor elementor-1701 elementor-607 elementor-607 e-loop-item e-loop-item-1367 post-1367 prosjekter type-prosjekter status-publish has-post-thumbnail hentry\" data-elementor-post-type=\"elementor_library\" data-custom-edit-handle=\"1\">\n\t\t\t<a class=\"elementor-element elementor-element-1f628bf e-flex e-con-boxed e-con e-parent\" data-id=\"1f628bf\" data-element_type=\"container\" data-e-type=\"container\" data-settings=\"{&quot;background_background&quot;:&quot;classic&quot;}\" href=\"https:\/\/byggnettside.com\/pl\/prosjekter\/nowy-filtr-i-system-odciagowy\/\">\n\t\t\t\t\t<div class=\"e-con-inner\">\n\t\t<div class=\"elementor-element elementor-element-ae5fdfb e-con-full e-flex e-con e-child\" data-id=\"ae5fdfb\" data-element_type=\"container\" data-e-type=\"container\" data-settings=\"{&quot;background_background&quot;:&quot;classic&quot;}\">\n\t\t\t\t<div class=\"elementor-element elementor-element-fd8dd16 elementor-widget elementor-widget-heading\" data-id=\"fd8dd16\" data-element_type=\"widget\" data-e-type=\"widget\" data-widget_type=\"heading.default\">\n\t\t\t\t\t<h4 class=\"elementor-heading-title elementor-size-default\">Nowy filtr i system odci\u0105gowy<\/h4>\t\t\t\t<\/div>\n\t\t\t\t<div class=\"elementor-element elementor-element-4c592d9 elementor-widget elementor-widget-text-editor\" data-id=\"4c592d9\" data-element_type=\"widget\" data-e-type=\"widget\" data-widget_type=\"text-editor.default\">\n\t\t\t\t\t\t\t\t\t<p>ITEK zaprojektowa\u0142 i zainstalowa\u0142 kompletny system filtracyjny, kt\u00f3ry przyczynia si\u0119\t\t\t\t\t\t\t\t<\/div>\n\t\t\t\t<div class=\"elementor-element elementor-element-192b7ba elementor-position-inline-end elementor-widget__width-auto elementor-view-default elementor-mobile-position-block-start elementor-widget elementor-widget-icon-box\" data-id=\"192b7ba\" data-element_type=\"widget\" data-e-type=\"widget\" data-widget_type=\"icon-box.default\">\n\t\t\t\t\t\t\t<div class=\"elementor-icon-box-wrapper\">\n\n\t\t\t\t\t\t<div class=\"elementor-icon-box-icon\">\n\t\t\t\t<span  class=\"elementor-icon\">\n\t\t\t\t<svg xmlns:xlink=\"http:\/\/www.w3.org\/1999\/xlink\" xmlns=\"http:\/\/www.w3.org\/2000\/svg\" width=\"24\" height=\"24\" viewBox=\"0 0 24 24\" fill=\"none\" preserveAspectRatio=\"xMidYMid meet\" aria-hidden=\"true\" role=\"img\"><path d=\"M8.19678 15.75L15.6968 8.25M15.6968 8.25L8.19678 8.25M15.6968 8.25L15.6968 15.75\" stroke=\"#000000\" fill=\"none\"><\/path><\/svg>\t\t\t\t<\/span>\n\t\t\t<\/div>\n\t\t\t\n\t\t\t\t\t\t<div class=\"elementor-icon-box-content\">\n\n\t\t\t\t\t\t\t\t\t<h5 class=\"elementor-icon-box-title\">\n\t\t\t\t\t\t<span  >\n\t\t\t\t\t\t\tZobacz projekt\t\t\t\t\t\t<\/span>\n\t\t\t\t\t<\/h5>\n\t\t\t\t\n\t\t\t\t\n\t\t\t<\/div>\n\t\t\t\n\t\t<\/div>\n\t\t\t\t\t\t<\/div>\n\t\t\t\t<\/div>\n\t\t\t\t\t<\/div>\n\t\t\t\t<\/a>\n\t\t\t\t<\/div>\n\t\t\t\t<\/div>\n\t\t\n\t\t\t\t\t\t<\/div>\n\t\t\t\t<\/div>\n\t\t\t\t\t<\/div>\n\t\t\t\t<\/div>\n\t\t\t\t<\/div>\n\t\t","protected":false},"excerpt":{"rendered":"<p>Projekty Poznaj niekt\u00f3re z wizjonerskich projekt\u00f3w na ca\u0142ym \u015bwiecie, kt\u00f3re wykorzystuj\u0105 nasz\u0105 technologi\u0119 do przywracania r\u00f3wnowagi klimatycznej i zast\u0119powania paliw kopalnych. Projekty Od naszych klient\u00f3w<\/p>\n","protected":false},"author":1,"featured_media":0,"parent":0,"menu_order":0,"comment_status":"closed","ping_status":"closed","template":"","meta":{"_acf_changed":false,"footnotes":""},"class_list":["post-1316","page","type-page","status-publish","hentry"],"acf":[],"_links":{"self":[{"href":"https:\/\/byggnettside.com\/pl\/wp-json\/wp\/v2\/pages\/1316","targetHints":{"allow":["GET"]}}],"collection":[{"href":"https:\/\/byggnettside.com\/pl\/wp-json\/wp\/v2\/pages"}],"about":[{"href":"https:\/\/byggnettside.com\/pl\/wp-json\/wp\/v2\/types\/page"}],"author":[{"embeddable":true,"href":"https:\/\/byggnettside.com\/pl\/wp-json\/wp\/v2\/users\/1"}],"replies":[{"embeddable":true,"href":"https:\/\/byggnettside.com\/pl\/wp-json\/wp\/v2\/comments?post=1316"}],"version-history":[{"count":1,"href":"https:\/\/byggnettside.com\/pl\/wp-json\/wp\/v2\/pages\/1316\/revisions"}],"predecessor-version":[{"id":1318,"href":"https:\/\/byggnettside.com\/pl\/wp-json\/wp\/v2\/pages\/1316\/revisions\/1318"}],"wp:attachment":[{"href":"https:\/\/byggnettside.com\/pl\/wp-json\/wp\/v2\/media?parent=1316"}],"curies":[{"name":"wp","href":"https:\/\/api.w.org\/{rel}","templated":true}]}}